{"id":2,"date":"2025-05-16T16:26:18","date_gmt":"2025-05-16T16:26:18","guid":{"rendered":"https:\/\/sds.coach\/?page_id=2"},"modified":"2025-11-04T11:38:41","modified_gmt":"2025-11-04T11:38:41","slug":"about","status":"publish","type":"page","link":"https:\/\/sds.coach\/de\/about\/","title":{"rendered":"\u00dcber mich"},"content":{"rendered":"<div class=\"wp-block-cover is-light\" style=\"border-style:none;border-width:0px;border-radius:18px\"><img loading=\"lazy\" decoding=\"async\" width=\"1920\" height=\"2018\" class=\"wp-block-cover__image-background wp-image-471 size-full\" alt=\"\" src=\"https:\/\/sds.coach\/wp-content\/uploads\/2025\/10\/IMG_8438-scaled-e1761654001668.jpeg\" data-object-fit=\"cover\" srcset=\"https:\/\/sds.coach\/wp-content\/uploads\/2025\/10\/IMG_8438-scaled-e1761654001668.jpeg 1920w, https:\/\/sds.coach\/wp-content\/uploads\/2025\/10\/IMG_8438-scaled-e1761654001668-285x300.jpeg 285w, https:\/\/sds.coach\/wp-content\/uploads\/2025\/10\/IMG_8438-scaled-e1761654001668-974x1024.jpeg 974w, https:\/\/sds.coach\/wp-content\/uploads\/2025\/10\/IMG_8438-scaled-e1761654001668-768x807.jpeg 768w, https:\/\/sds.coach\/wp-content\/uploads\/2025\/10\/IMG_8438-scaled-e1761654001668-1461x1536.jpeg 1461w, https:\/\/sds.coach\/wp-content\/uploads\/2025\/10\/IMG_8438-scaled-e1761654001668-11x12.jpeg 11w\" sizes=\"auto, (max-width: 1920px) 100vw, 1920px\" \/><span aria-hidden=\"true\" class=\"wp-block-cover__background has-background-dim-20 has-background-dim\" style=\"background-color:#a49b7c\"><\/span><div class=\"wp-block-cover__inner-container is-layout-flow wp-block-cover-is-layout-flow\">\n<p class=\"has-text-align-center has-large-font-size\"><\/p>\n<\/div><\/div>\n\n\n\n<p>Als zertifizierte Coach auf Franz\u00f6sisch und Deutsch (ICF &amp; IHK) unterst\u00fctze ich sowohl Einzelpersonen als auch Teams, indem ich Hilfestellungen mit tiefem Zuh\u00f6ren verbinde, um die in jedem Menschen vorhandenen Ressourcen hervorzubringen.<\/p>\n\n\n\n<p>Coaching f\u00f6rdert das Bewusstsein und die Selbstst\u00e4ndigkeit, es erm\u00f6glicht, die richtigen Antworten zu finden und wieder Freude daran zu haben, ganz man selbst zu sein.<\/p>\n\n\n\n<p>Mein Ansatz basiert weniger auf dem Verst\u00e4ndnis der Ursachen eines Problems, dem \u201eWarum\u201c, sondern vielmehr auf dem \u201eWie\u201c, also darauf, wie sich das Problem aufrechterh\u00e4lt. Daher konzentrieren wir uns meist auf die Gegenwart und die Zukunft.<\/p>\n\n\n\n<p>Im Einzelcoaching wende ich mich insbesondere an Frauen, die mich durch ihre St\u00e4rke, ihre F\u00e4higkeit, sich selbst zu hinterfragen und sich weiterzuentwickeln, beeindrucken.<br>Mein Anliegen ist es, Modelle zu verwenden, die sich auf Gro\u00dfz\u00fcgigkeit, Resilienz und Empathie fokussieren \u2013 Werte, die viele Frauen in ihrem Alltag verk\u00f6rpern. Gleichzeitig verlieren sie sich manchmal in einem \u00dcberma\u00df dieser Werte, die sie von ihren eigenen Bed\u00fcrfnissen und Freuden entfernen.<\/p>\n\n\n\n<p>Das Thema Vergn\u00fcgen ist f\u00fcr mich \u2013 \u00fcber die philosophische Ann\u00e4herung an den Hedonismus hinaus \u2013 oft ein Vorwand f\u00fcr Begegnungen, Entdeckungen und neue Wege zu gehen. Vergn\u00fcgen ist mit unseren Sinnen, unserer Intuition, unserem Impuls des Seins verbunden.<\/p>\n\n\n\n<p>Ver\u00e4nderungen durch die Brille der \"Arbeit an sich selbst\" zu betrachten, kann schwerf\u00e4llig erscheinen. Wenn man jedoch zun\u00e4chst wieder Freude, Spontaneit\u00e4t und das Gl\u00fcck, man selbst zu sein, findet, kann man seine pers\u00f6nliche oder berufliche Entwicklung mit mehr Leichtigkeit gestalten. Die Freude, als wahrer innerer Kompass, f\u00f6rdert Motivation, Selbstvertrauen und Wohlbefinden.<\/p>\n\n\n\n<p>Mein Werdegang, zwischen Kommunikation, Gesang, Gastronomie und Fotografie, ist gepr\u00e4gt von sch\u00f6pferischem Schaffen, inhaltlicher Tiefe und vielf\u00e4ltiger Ausdrucksweise. Durch ma\u00dfgeschneiderte Anwendungsmethoden\u2013 unter Einsatz von Neurolinguistisches Programmieren (NLP), Transaktionsanalyse, Atem- und Stimmarbeit, gewaltfreier Kommunikation und Ikigai \u2013 unterst\u00fctze ich Menschen dabei, Klarheit zu finden, Elan zu entwickeln und ihre Vorhaben umzusetzen.<\/p>\n\n\n\n<p>In Unternehmen biete ich Workshops und Begleitung in:<\/p>\n\n\n\n<p>\u2013 Team Coaching<\/p>\n\n\n\n<p>\u2013 Coaching f\u00fcr F\u00fchrungskr\u00e4fte<\/p>\n\n\n\n<p>\u2013 Stressmanagement und Burnout-Pr\u00e4vention<\/p>\n\n\n\n<p>\u2013 Work-Life-Balance<\/p>\n\n\n\n<p>Bitte nutzen Sie das Formular <a href=\"https:\/\/sds.coach\/de\/contact\/\" data-type=\"page\" data-id=\"44\">Kontakt<\/a> wenn Sie sich weitere Informationen w\u00fcnschen.<\/p>","protected":false},"excerpt":{"rendered":"<p>Coach certifi\u00e9e en fran\u00e7ais et en allemand (ICF &amp; IHK), j&rsquo;accompagne les individus et les \u00e9quipes en alliant outils puissants et \u00e9coute profonde pour faire \u00e9merger, et r\u00e9activer, les ressources d\u00e9j\u00e0 pr\u00e9sentes en chacun. Le coaching favorise la prise de conscience et l\u2019autonomie, il permet de laisser remonter les r\u00e9ponses justes, et de retrouver le [&hellip;]<\/p>","protected":false},"author":1,"featured_media":0,"parent":0,"menu_order":0,"comment_status":"closed","ping_status":"open","template":"","meta":{"iawp_total_views":193,"footnotes":""},"class_list":["post-2","page","type-page","status-publish","hentry"],"_links":{"self":[{"href":"https:\/\/sds.coach\/de\/wp-json\/wp\/v2\/pages\/2","targetHints":{"allow":["GET"]}}],"collection":[{"href":"https:\/\/sds.coach\/de\/wp-json\/wp\/v2\/pages"}],"about":[{"href":"https:\/\/sds.coach\/de\/wp-json\/wp\/v2\/types\/page"}],"author":[{"embeddable":true,"href":"https:\/\/sds.coach\/de\/wp-json\/wp\/v2\/users\/1"}],"replies":[{"embeddable":true,"href":"https:\/\/sds.coach\/de\/wp-json\/wp\/v2\/comments?post=2"}],"version-history":[{"count":57,"href":"https:\/\/sds.coach\/de\/wp-json\/wp\/v2\/pages\/2\/revisions"}],"predecessor-version":[{"id":640,"href":"https:\/\/sds.coach\/de\/wp-json\/wp\/v2\/pages\/2\/revisions\/640"}],"wp:attachment":[{"href":"https:\/\/sds.coach\/de\/wp-json\/wp\/v2\/media?parent=2"}],"curies":[{"name":"wp","href":"https:\/\/api.w.org\/{rel}","templated":true}]}}